{"id":3306,"date":"2018-04-06T11:37:08","date_gmt":"2018-04-06T11:37:08","guid":{"rendered":"https:\/\/embutidosrodriguez.es\/calidad-e-innovacion\/"},"modified":"2021-02-26T09:27:53","modified_gmt":"2021-02-26T08:27:53","slug":"qualitat-und-innovation","status":"publish","type":"page","link":"https:\/\/embutidosrodriguez.es\/de\/qualitat-und-innovation\/","title":{"rendered":"Qualit\u00e4t und Innovation"},"content":{"rendered":"<section class=\"l-section wpb_row height_large with_img\"><div class=\"l-section-img\" style=\"background-image: url(https:\/\/embutidosrodriguez.es\/wp-content\/uploads\/2018\/04\/portada-calidad-e-inovacion-2018.jpg);\" data-img-width=\"1920\" data-img-height=\"556\"><\/div><div class=\"l-section-h i-cf\"><div class=\"g-cols vc_row type_default valign_top\"><div class=\"vc_col-sm-12 wpb_column vc_column_container\"><div class=\"vc_column-inner\"><div class=\"wpb_wrapper\"><div class=\"w-separator type_invisible size_medium thick_1 style_solid color_border cont_none\"><span class=\"w-separator-h\"><\/span><\/div><\/div><\/div><\/div><\/div><\/div><\/section><!-- Row Backgrounds --><div class=\"upb_bg_img\" data-ultimate-bg=\"url(https:\/\/embutidosrodriguez.es\/wp-content\/uploads\/2018\/04\/portada-calidad-e-inovacion-2018.jpg)\" data-image-id=\"id^1501|url^https:\/\/embutidosrodriguez.es\/wp-content\/uploads\/2018\/04\/portada-calidad-e-inovacion-2018.jpg|caption^null|alt^null|title^portada-calidad-e-inovacion-2018|description^null\" data-ultimate-bg-style=\"vcpb-vz-jquery\" data-bg-img-repeat=\"no-repeat\" data-bg-img-size=\"cover\" data-bg-img-position=\"\" data-parallx_sense=\"30\" data-bg-override=\"0\" data-bg_img_attach=\"scroll\" data-upb-overlay-color=\"\" data-upb-bg-animation=\"\" data-fadeout=\"\" data-bg-animation=\"left-animation\" data-bg-animation-type=\"h\" data-animation-repeat=\"repeat\" data-fadeout-percentage=\"30\" data-parallax-content=\"\" data-parallax-content-sense=\"30\" data-row-effect-mobile-disable=\"true\" data-img-parallax-mobile-disable=\"true\" data-rtl=\"false\"  data-custom-vc-row=\"\"  data-vc=\"5.5.4\"  data-is_old_vc=\"\"  data-theme-support=\"\"   data-overlay=\"false\" data-overlay-color=\"\" data-overlay-pattern=\"\" data-overlay-pattern-opacity=\"\" data-overlay-pattern-size=\"\"    ><\/div><section class=\"l-section wpb_row height_medium\"><div class=\"l-section-h i-cf\"><div class=\"g-cols vc_row type_default valign_top\"><div class=\"vc_col-sm-12 wpb_column vc_column_container\"><div class=\"vc_column-inner\"><div class=\"wpb_wrapper\"><div class=\"g-cols wpb_row type_default valign_top vc_inner \"><div class=\"vc_col-sm-12 wpb_column vc_column_container\"><div class=\"vc_column-inner\"><div class=\"wpb_wrapper\"><div class=\"w-separator type_invisible size_medium thick_1 style_solid color_border cont_none\"><span class=\"w-separator-h\"><\/span><\/div><\/div><\/div><\/div><\/div><div class=\"g-cols wpb_row type_default valign_top vc_inner \"><div class=\"vc_col-sm-6 wpb_column vc_column_container\"><div class=\"vc_column-inner\"><div class=\"wpb_wrapper\">\n\t<div class=\"wpb_text_column \">\n\t\t<div class=\"wpb_wrapper\">\n\t\t\t<h1 style=\"text-align: left;\"><strong><span class=\"underline\">Qualit\u00e4t und Innovation<\/span><\/strong><\/h1>\n\n\t\t<\/div>\n\t<\/div>\n\n\t<div class=\"wpb_text_column \">\n\t\t<div class=\"wpb_wrapper\">\n\t\t\t<p>Bei Rodr\u00edguez ist die Produktqualit\u00e4t eine unerl\u00e4ssliche Voraussetzung, weshalb wir mit einem hoch qualifizierten Expertenteam rechnen d\u00fcrfen. Die Produkt- und Prozesskontrolle beginnt bereits bei dem Erwerb der Rohmaterialien, f\u00fcr die die Lieferanten eine strenge Kontrolle durchlaufen und die Anforderungen unseres Genehmigungsprogramms erf\u00fcllen m\u00fcssen.<\/p>\n<p>Die Fleischqualit\u00e4t wird w\u00e4hrend des gesamten Prozesses \u00fcberwacht. F\u00fcr die Zubereitung der Produkte wird das Fleisch der Tiere verwendet, die in den eigenen Anlagen geschlachtet wurden, wobei der Tierschutz nicht nur f\u00fcr den Aufenthalt auf dem Bauernhof, sondern auch beim gesamten Transport-, Entlade- und Schlachtungsprozess von h\u00f6chster Priorit\u00e4t ist und f\u00fcr dessen Einhaltung wir die erforderlichen Mittel einsetzen. Daher werden die Transport- und Wartezeiten in Gehegen optimiert und die Tiere unter tierschutzgerechter Bet\u00e4ubung mit CO<sub>2<\/sub> transportiert. Dabei legen wir gro\u00dfen Wert auf die angemessene Schulung des Personals im Umgang mit den Bet\u00e4ubungsmitteln und den Tieren.<\/p>\n<p style=\"font-weight: 400;\">Bei der Produktherstellung werden traditionelle Methoden und Anlagen mit modernster Technologie und h\u00f6chsten Standards bei der Qualit\u00e4tssicherung unter Einhaltung der Rechtsvorschriften zur Lebensmittelsicherheit (IFS, HACCP) kombiniert. Dazu geh\u00f6ren auch interne \u00dcberwachungsprotokolle, die von einem multidisziplin\u00e4ren Team der Qualit\u00e4tssicherungsabteilung entwickelt wurden, um die h\u00f6chsten Qualit\u00e4ts- und Nahrungsmittelsicherheitsstandards zu gew\u00e4hrleisten und die anspruchsvollsten Kunden und Auslandsm\u00e4rkte zu erreichen.<\/p>\n\n\t\t<\/div>\n\t<\/div>\n<\/div><\/div><\/div><div class=\"vc_col-sm-6 wpb_column vc_column_container\"><div class=\"vc_column-inner\"><div class=\"wpb_wrapper\"><div class=\"w-image\"><div class=\"w-image-h\"><img width=\"650\" height=\"678\" src=\"https:\/\/embutidosrodriguez.es\/wp-content\/uploads\/2018\/04\/circulo-origen-web.png\" class=\"attachment-large size-large\" alt=\"Calidad e innovaci\u00f3n\" srcset=\"https:\/\/embutidosrodriguez.es\/wp-content\/uploads\/2018\/04\/circulo-origen-web.png 650w, https:\/\/embutidosrodriguez.es\/wp-content\/uploads\/2018\/04\/circulo-origen-web-288x300.png 288w\" sizes=\"(max-width: 650px) 100vw, 650px\" \/><\/div><\/div><\/div><\/div><\/div><\/div><div class=\"g-cols wpb_row type_default valign_top vc_inner \"><div class=\"vc_col-sm-12 wpb_column vc_column_container\"><div class=\"vc_column-inner\"><div class=\"wpb_wrapper\"><div class=\"w-separator type_default size_huge thick_1 style_solid color_border cont_none\"><span class=\"w-separator-h\"><\/span><\/div><\/div><\/div><\/div><\/div><div class=\"g-cols wpb_row type_default valign_top vc_inner \"><div class=\"vc_col-sm-6 wpb_column vc_column_container\"><div class=\"vc_column-inner\"><div class=\"wpb_wrapper\"><div class=\"w-separator type_invisible size_medium thick_1 style_solid color_border cont_none\"><span class=\"w-separator-h\"><\/span><\/div><div class=\"w-image\"><div class=\"w-image-h\"><img width=\"1024\" height=\"576\" src=\"https:\/\/embutidosrodriguez.es\/wp-content\/uploads\/2018\/04\/AMPLIACION-embutidos-rodriguez-instalaciones-CAMBIOS-01.00_02_28_19.Imagen-fija014-1024x576.jpg\" class=\"attachment-large size-large\" alt=\"\" srcset=\"https:\/\/embutidosrodriguez.es\/wp-content\/uploads\/2018\/04\/AMPLIACION-embutidos-rodriguez-instalaciones-CAMBIOS-01.00_02_28_19.Imagen-fija014-1024x576.jpg 1024w, https:\/\/embutidosrodriguez.es\/wp-content\/uploads\/2018\/04\/AMPLIACION-embutidos-rodriguez-instalaciones-CAMBIOS-01.00_02_28_19.Imagen-fija014-300x169.jpg 300w, https:\/\/embutidosrodriguez.es\/wp-content\/uploads\/2018\/04\/AMPLIACION-embutidos-rodriguez-instalaciones-CAMBIOS-01.00_02_28_19.Imagen-fija014-768x432.jpg 768w\" sizes=\"(max-width: 1024px) 100vw, 1024px\" \/><\/div><\/div><\/div><\/div><\/div><div class=\"vc_col-sm-6 wpb_column vc_column_container\"><div class=\"vc_column-inner\"><div class=\"wpb_wrapper\">\n\t<div class=\"wpb_text_column \">\n\t\t<div class=\"wpb_wrapper\">\n\t\t\t<h1 style=\"text-align: left;\"><strong><span class=\"underline\">Forschung, Entwicklung und Innovation<\/span><\/strong><\/h1>\n\n\t\t<\/div>\n\t<\/div>\n\n\t<div class=\"wpb_text_column \">\n\t\t<div class=\"wpb_wrapper\">\n\t\t\t<p style=\"margin: 0cm; margin-bottom: .0001pt; background: #FBFBFB;\"><span lang=\"DE\" style=\"color: #333333;\">Unser hoch qualifiziertes Expertenteam arbeitet durchg\u00e4ngig an Innovations- und Entwicklungsprojekten f\u00fcr neue Produkte, Formate und Aufmachungen, die die Bed\u00fcrfnisse unserer Kunden erf\u00fcllen sollen\u00a0\u2013\u00a0\u00a0und dies immer unter Einhaltung der h\u00f6chsten Lebensmittelsicherheitsstandards.<\/span><\/p>\n\n\t\t<\/div>\n\t<\/div>\n<\/div><\/div><\/div><\/div><div class=\"g-cols wpb_row type_default valign_top vc_inner \"><div class=\"vc_col-sm-12 wpb_column vc_column_container\"><div class=\"vc_column-inner\"><div class=\"wpb_wrapper\"><div class=\"w-separator type_default size_huge thick_1 style_solid color_border cont_none\"><span class=\"w-separator-h\"><\/span><\/div><\/div><\/div><\/div><\/div><div class=\"g-cols wpb_row type_default valign_top vc_inner \"><div class=\"vc_col-sm-6 wpb_column vc_column_container\"><div class=\"vc_column-inner\"><div class=\"wpb_wrapper\">\n\t<div class=\"wpb_text_column \">\n\t\t<div class=\"wpb_wrapper\">\n\t\t\t<h1 style=\"text-align: left;\"><strong><span class=\"underline\">Anlagen<\/span><\/strong><\/h1>\n\n\t\t<\/div>\n\t<\/div>\n\n\t<div class=\"wpb_text_column \">\n\t\t<div class=\"wpb_wrapper\">\n\t\t\t<p style=\"background: #FBFBFB;\"><span lang=\"DE\" style=\"color: #333333;\">Unser Werk f\u00fchrt gem\u00e4\u00df den geltenden europ\u00e4ischen Normen die strengsten technischen Hygiene- und Fleischverarbeitungskontrollen durch. Wir befinden uns derzeit im IFS-Zertifizierungsverfahren in Bezug auf die Lebensmittelsicherheit. Mit dieser Zertifizierung wird die Einhaltung der internationalen Lebensmittelstandards gew\u00e4hrleistet. Dank unseres Bem\u00fchens um Sicherheit und Qualit\u00e4t ist unser Unternehmen weltweit in Dutzenden L\u00e4ndern pr\u00e4sent.<\/span><\/p>\n<p>Wir verf\u00fcgen \u00fcber 60.000 Quadratmeter an modernen Einrichtungen.<\/p>\n<p>Aktuell besitzt unser integriertes Schlachthaus Kapazit\u00e4ten f\u00fcr die Schlachtung von 1\u00a0Mio. Schweinen pro Jahr.<\/p>\n<p>Wir verf\u00fcgen \u00fcber Zerlegungsr\u00e4ume, multifunktionale K\u00fchllager und Verarbeitungsst\u00e4tten von Fleischprodukten (650.000 Schinken\/Jahr und 1.000.000\u00a0kg Wurst\/Jahr).<\/p>\n<p>Unsere Einrichtungen erf\u00fcllen zwei Ziele: die von unseren H\u00e4ndlern erforderten Produkte zu verarbeiten und die Qualit\u00e4ts- und Sicherheitsanforderungen von unseren Kunden zu gew\u00e4hrleisten. Die K\u00fchllieferwagenflotte von Rodr\u00edguez deckt t\u00e4glich den Bedarf der nationalen und europ\u00e4ischen M\u00e4rkte.<\/p>\n\n\t\t<\/div>\n\t<\/div>\n<div class=\"w-btn-wrapper align_left\"><a class=\"w-btn style_solid color_primary icon_none\" href=\"http:\/\/embutidosrodriguez.es\/nuevas-instalaciones\/\"><span class=\"w-btn-label\">Neue Anlagen<\/span><\/a><\/div><\/div><\/div><\/div><div class=\"vc_col-sm-6 wpb_column vc_column_container\"><div class=\"vc_column-inner\"><div class=\"wpb_wrapper\"><div class=\"w-image\"><div class=\"w-image-h\"><img width=\"660\" height=\"817\" src=\"https:\/\/embutidosrodriguez.es\/wp-content\/uploads\/2018\/04\/vista-aerea-web.jpg\" class=\"attachment-large size-large\" alt=\"\" srcset=\"https:\/\/embutidosrodriguez.es\/wp-content\/uploads\/2018\/04\/vista-aerea-web.jpg 660w, https:\/\/embutidosrodriguez.es\/wp-content\/uploads\/2018\/04\/vista-aerea-web-242x300.jpg 242w\" sizes=\"(max-width: 660px) 100vw, 660px\" \/><\/div><\/div><\/div><\/div><\/div><\/div><div class=\"g-cols wpb_row type_default valign_top vc_inner \"><div class=\"vc_col-sm-12 wpb_column vc_column_container\"><div class=\"vc_column-inner\"><div class=\"wpb_wrapper\"><div class=\"w-separator type_default size_huge thick_1 style_solid color_border cont_none\"><span class=\"w-separator-h\"><\/span><\/div><\/div><\/div><\/div><\/div><div class=\"g-cols wpb_row type_default valign_top vc_inner \"><div class=\"vc_col-sm-6 wpb_column vc_column_container\"><div class=\"vc_column-inner\"><div class=\"wpb_wrapper\">\n\t<div class=\"wpb_text_column \">\n\t\t<div class=\"wpb_wrapper\">\n\t\t\t<h1 style=\"text-align: left;\"><strong><span class=\"underline\">Zertifizierungen<\/span><\/strong><\/h1>\n\n\t\t<\/div>\n\t<\/div>\n<\/div><\/div><\/div><div class=\"vc_col-sm-6 wpb_column vc_column_container\"><div class=\"vc_column-inner\"><div class=\"wpb_wrapper\"><\/div><\/div><\/div><\/div><div class=\"g-cols wpb_row type_default valign_top vc_inner \"><div class=\"vc_col-sm-12 wpb_column vc_column_container\"><div class=\"vc_column-inner\"><div class=\"wpb_wrapper\"><div class=\"w-separator type_invisible size_medium thick_1 style_solid color_border cont_none\"><span class=\"w-separator-h\"><\/span><\/div><\/div><\/div><\/div><\/div><div class=\"g-cols wpb_row type_default valign_top vc_inner \"><div class=\"vc_col-sm-4 wpb_column vc_column_container\"><div class=\"vc_column-inner\"><div class=\"wpb_wrapper\"><div class=\"w-iconbox iconpos_top style_default color_primary no_title icontype_img\"><div class=\"w-iconbox-icon\" style=\"font-size:150px;\"><img src=\"https:\/\/embutidosrodriguez.es\/wp-content\/uploads\/2018\/04\/logo-consorcio-serrano.png\" width=\"250\" height=\"250\" alt=\"\"><\/div><div class=\"w-iconbox-text\">Das Consorcio del Jam\u00f3n Serrano garantiert die Qualit\u00e4t des Serrano-Schinkens und zertifiziert, dass die hohen Standards des Consorcio del Jam\u00f3n Serrano Espa\u00f1ol eingehalten und somit seine Unverf\u00e4lschtheit und hochwertige Qualit\u00e4t gew\u00e4hrleistet werden.<\/div><\/div><\/div><\/div><\/div><div class=\"vc_col-sm-4 wpb_column vc_column_container\"><div class=\"vc_column-inner\"><div class=\"wpb_wrapper\"><div class=\"w-iconbox iconpos_top style_default color_primary no_title icontype_img\"><div class=\"w-iconbox-icon\" style=\"font-size:150px;\"><img src=\"https:\/\/embutidosrodriguez.es\/wp-content\/uploads\/2018\/04\/logo-consorcio-especialidad.png\" width=\"250\" height=\"250\" alt=\"\"><\/div><div class=\"w-iconbox-text\">Serrano-Schinken E.T.G.: Europ\u00e4ische Zertifizierung, durch die die Einhaltung der Standards bei der traditionellen Schinkenherstellung gew\u00e4hrleistet wird. Durch diese Zertifizierung wird die Bezeichnung \u201eJam\u00f3n Serrano\u201c gesch\u00fctzt.<\/div><\/div><\/div><\/div><\/div><div class=\"vc_col-sm-4 wpb_column vc_column_container\"><div class=\"vc_column-inner\"><div class=\"wpb_wrapper\"><div class=\"w-iconbox iconpos_top style_default color_primary no_title icontype_img\"><div class=\"w-iconbox-icon\" style=\"font-size:150px;\"><img src=\"https:\/\/embutidosrodriguez.es\/wp-content\/uploads\/2018\/04\/logo-consorcio-chorizo.png\" width=\"250\" height=\"250\" alt=\"\"><\/div><div class=\"w-iconbox-text\">Spanische Paprikawurst (Chorizo): Mit diesem G\u00fctesiegel wird der Chorizo als typisch spanisches Produkt identifiziert sowie seine Qualit\u00e4t und Authentizit\u00e4t gew\u00e4hrleistet.<\/div><\/div><\/div><\/div><\/div><\/div><div class=\"g-cols wpb_row type_default valign_top vc_inner \"><div class=\"vc_col-sm-12 wpb_column vc_column_container\"><div class=\"vc_column-inner\"><div class=\"wpb_wrapper\"><div class=\"w-separator type_invisible size_large thick_1 style_solid color_border cont_none\"><span class=\"w-separator-h\"><\/span><\/div><\/div><\/div><\/div><\/div><div class=\"g-cols wpb_row type_default valign_top vc_inner \"><div class=\"vc_col-sm-4 wpb_column vc_column_container\"><div class=\"vc_column-inner\"><div class=\"wpb_wrapper\"><div class=\"w-iconbox iconpos_top style_default color_primary no_title icontype_img\"><div class=\"w-iconbox-icon\" style=\"font-size:150px;\"><img src=\"https:\/\/embutidosrodriguez.es\/wp-content\/uploads\/2018\/04\/logo-consorcio-tierra-sabor.png\" width=\"250\" height=\"250\" alt=\"\"><\/div><div class=\"w-iconbox-text\">G\u00fctesiegel \u201eTierra de Sabor\u201c: Zertifizierung des Instituto Tecnol\u00f3gico y Agrario de Castilla y Le\u00f3n; ein G\u00fctesiegel f\u00fcr Produkte aus Castilla y Le\u00f3n.<\/div><\/div><\/div><\/div><\/div><div class=\"vc_col-sm-4 wpb_column vc_column_container\"><div class=\"vc_column-inner\"><div class=\"wpb_wrapper\"><div class=\"w-iconbox iconpos_top style_default color_primary no_title icontype_img\"><div class=\"w-iconbox-icon\" style=\"font-size:150px;\"><img src=\"https:\/\/embutidosrodriguez.es\/wp-content\/uploads\/2018\/04\/logo-consorcio-chorizo-de-leon.png\" width=\"250\" height=\"250\" alt=\"\"><\/div><div class=\"w-iconbox-text\">Chorizo aus Le\u00f3n: Registrierte Marke, die die traditionelle Herstellung und seine Authentizit\u00e4t unter Einhaltung der von der Organisation festgelegten Vorschriften gew\u00e4hrleistet.<\/div><\/div><\/div><\/div><\/div><div class=\"vc_col-sm-4 wpb_column vc_column_container\"><div class=\"vc_column-inner\"><div class=\"wpb_wrapper\"><div class=\"w-iconbox iconpos_top style_default color_primary no_title icontype_img\"><div class=\"w-iconbox-icon\" style=\"font-size:150px;\"><img src=\"https:\/\/embutidosrodriguez.es\/wp-content\/uploads\/2018\/04\/logo-consorcio-ibericos.png\" width=\"250\" height=\"250\" alt=\"\"><\/div><div class=\"w-iconbox-text\">Zertifizierung des Schinkens vom iberischen Schwein aus Getreidemast, der Lende vom iberischen Schwein und der Schulter vom iberischen Schwein. Markenzeichen f\u00fcr Produkte, die vom Schwein aus Getreidemast stammen. Die Zertifizierungsbeh\u00f6rde ist CALICER.<\/div><\/div><\/div><\/div><\/div><\/div><div class=\"w-separator type_invisible size_large thick_1 style_solid color_border cont_none\"><span class=\"w-separator-h\"><\/span><\/div><div class=\"g-cols wpb_row type_default valign_top vc_inner \"><div class=\"vc_col-sm-4 wpb_column vc_column_container\"><div class=\"vc_column-inner\"><div class=\"wpb_wrapper\"><div class=\"w-iconbox iconpos_top style_default color_primary no_title icontype_img\"><a class=\"w-iconbox-link\" href=\"https:\/\/embutidosrodriguez.es\/wp-content\/uploads\/2018\/07\/ifs-20180047-rodriguez-tradicion.pdf\" target=\"_blank\"><div class=\"w-iconbox-icon\" style=\"font-size:150px;\"><img src=\"https:\/\/embutidosrodriguez.es\/wp-content\/uploads\/2018\/07\/logo-IFS.png\" width=\"250\" height=\"250\" alt=\"\"><\/div><\/a><div class=\"w-iconbox-text\">Wir sind zertifiziert nach der internationalen IFS-Food-Verordnung, Version 6 mit Code 59854<\/div><\/div><\/div><\/div><\/div><div class=\"vc_col-sm-4 wpb_column vc_column_container\"><div class=\"vc_column-inner\"><div class=\"wpb_wrapper\"><\/div><\/div><\/div><div class=\"vc_col-sm-4 wpb_column vc_column_container\"><div class=\"vc_column-inner\"><div class=\"wpb_wrapper\"><\/div><\/div><\/div><\/div><div class=\"g-cols wpb_row type_default valign_top vc_inner \"><div class=\"vc_col-sm-12 wpb_column vc_column_container\"><div class=\"vc_column-inner\"><div class=\"wpb_wrapper\">[vc_empty_space height=&#8221;125px&#8221;]<\/div><\/div><\/div><\/div><\/div><\/div><\/div><\/div><\/div><\/section>\n","protected":false},"excerpt":{"rendered":"Qualit\u00e4t und Innovation Bei Rodr\u00edguez ist die Produktqualit\u00e4t eine unerl\u00e4ssliche Voraussetzung, weshalb wir mit einem hoch qualifizierten Expertenteam rechnen d\u00fcrfen....","protected":false},"author":7,"featured_media":0,"parent":0,"menu_order":44,"comment_status":"closed","ping_status":"closed","template":"","meta":[],"yoast_head":"<!-- This site is optimized with the Yoast SEO plugin v16.5 - https:\/\/yoast.com\/wordpress\/plugins\/seo\/ -->\n<title>Qualit\u00e4t und Innovation | Embutidos Rodriguez<\/title>\n<meta name=\"robots\" content=\"index, follow, max-snippet:-1, max-image-preview:large, max-video-preview:-1\" \/>\n<link rel=\"canonical\" href=\"https:\/\/embutidosrodriguez.es\/de\/qualitat-und-innovation\/\" \/>\n<meta property=\"og:locale\" content=\"de_DE\" \/>\n<meta property=\"og:type\" content=\"article\" \/>\n<meta property=\"og:title\" content=\"Qualit\u00e4t und Innovation | Embutidos Rodriguez\" \/>\n<meta property=\"og:url\" content=\"https:\/\/embutidosrodriguez.es\/de\/qualitat-und-innovation\/\" \/>\n<meta property=\"og:site_name\" content=\"Embutidos Rodriguez\" \/>\n<meta property=\"article:publisher\" content=\"https:\/\/www.facebook.com\/embutidosrodriguez\" \/>\n<meta property=\"article:modified_time\" content=\"2021-02-26T08:27:53+00:00\" \/>\n<meta name=\"twitter:card\" content=\"summary_large_image\" \/>\n<meta name=\"twitter:site\" content=\"@EmbutidosRdguez\" \/>\n<meta name=\"twitter:label1\" content=\"Gesch\u00e4tzte Lesezeit\" \/>\n\t<meta name=\"twitter:data1\" content=\"4\u00a0Minuten\" \/>\n<script type=\"application\/ld+json\" class=\"yoast-schema-graph\">{\"@context\":\"https:\/\/schema.org\",\"@graph\":[{\"@type\":\"Organization\",\"@id\":\"https:\/\/embutidosrodriguez.es\/#organization\",\"name\":\"Embutidos Rodr\\u00edguez\",\"url\":\"https:\/\/embutidosrodriguez.es\/\",\"sameAs\":[\"https:\/\/www.facebook.com\/embutidosrodriguez\",\"https:\/\/www.instagram.com\/embutidosrodriguez\/\",\"https:\/\/www.linkedin.com\/company\/embutidos-rodriguez\/\",\"https:\/\/www.youtube.com\/channel\/UCzvsn6hj9Ct510GHi7aZTaQ\",\"https:\/\/twitter.com\/EmbutidosRdguez\"],\"logo\":{\"@type\":\"ImageObject\",\"@id\":\"https:\/\/embutidosrodriguez.es\/#logo\",\"inLanguage\":\"de\",\"url\":\"https:\/\/embutidosrodriguez.es\/wp-content\/uploads\/2019\/05\/Logo-Embutidos-Rodriguez.png\",\"contentUrl\":\"https:\/\/embutidosrodriguez.es\/wp-content\/uploads\/2019\/05\/Logo-Embutidos-Rodriguez.png\",\"width\":2000,\"height\":722,\"caption\":\"Embutidos Rodr\\u00edguez\"},\"image\":{\"@id\":\"https:\/\/embutidosrodriguez.es\/#logo\"}},{\"@type\":\"WebSite\",\"@id\":\"https:\/\/embutidosrodriguez.es\/#website\",\"url\":\"https:\/\/embutidosrodriguez.es\/\",\"name\":\"Embutidos Rodriguez\",\"description\":\"F\\u00e1brica de Embutidos en Le\\u00f3n\",\"publisher\":{\"@id\":\"https:\/\/embutidosrodriguez.es\/#organization\"},\"potentialAction\":[{\"@type\":\"SearchAction\",\"target\":\"https:\/\/embutidosrodriguez.es\/?s={search_term_string}\",\"query-input\":\"required name=search_term_string\"}],\"inLanguage\":\"de\"},{\"@type\":\"WebPage\",\"@id\":\"https:\/\/embutidosrodriguez.es\/de\/qualitat-und-innovation\/#webpage\",\"url\":\"https:\/\/embutidosrodriguez.es\/de\/qualitat-und-innovation\/\",\"name\":\"Qualit\\u00e4t und Innovation | Embutidos Rodriguez\",\"isPartOf\":{\"@id\":\"https:\/\/embutidosrodriguez.es\/#website\"},\"datePublished\":\"2018-04-06T11:37:08+00:00\",\"dateModified\":\"2021-02-26T08:27:53+00:00\",\"breadcrumb\":{\"@id\":\"https:\/\/embutidosrodriguez.es\/de\/qualitat-und-innovation\/#breadcrumb\"},\"inLanguage\":\"de\",\"potentialAction\":[{\"@type\":\"ReadAction\",\"target\":[\"https:\/\/embutidosrodriguez.es\/de\/qualitat-und-innovation\/\"]}]},{\"@type\":\"BreadcrumbList\",\"@id\":\"https:\/\/embutidosrodriguez.es\/de\/qualitat-und-innovation\/#breadcrumb\",\"itemListElement\":[{\"@type\":\"ListItem\",\"position\":1,\"name\":\"Portada\",\"item\":\"https:\/\/embutidosrodriguez.es\/de\/\"},{\"@type\":\"ListItem\",\"position\":2,\"name\":\"Qualit\\u00e4t und Innovation\"}]}]}<\/script>\n<!-- \/ Yoast SEO plugin. -->","_links":{"self":[{"href":"https:\/\/embutidosrodriguez.es\/de\/wp-json\/wp\/v2\/pages\/3306"}],"collection":[{"href":"https:\/\/embutidosrodriguez.es\/de\/wp-json\/wp\/v2\/pages"}],"about":[{"href":"https:\/\/embutidosrodriguez.es\/de\/wp-json\/wp\/v2\/types\/page"}],"author":[{"embeddable":true,"href":"https:\/\/embutidosrodriguez.es\/de\/wp-json\/wp\/v2\/users\/7"}],"replies":[{"embeddable":true,"href":"https:\/\/embutidosrodriguez.es\/de\/wp-json\/wp\/v2\/comments?post=3306"}],"version-history":[{"count":5,"href":"https:\/\/embutidosrodriguez.es\/de\/wp-json\/wp\/v2\/pages\/3306\/revisions"}],"predecessor-version":[{"id":7544,"href":"https:\/\/embutidosrodriguez.es\/de\/wp-json\/wp\/v2\/pages\/3306\/revisions\/7544"}],"wp:attachment":[{"href":"https:\/\/embutidosrodriguez.es\/de\/wp-json\/wp\/v2\/media?parent=3306"}],"curies":[{"name":"wp","href":"https:\/\/api.w.org\/{rel}","templated":true}]}}