{"id":2543,"date":"2018-02-26T09:39:08","date_gmt":"2018-02-26T09:39:08","guid":{"rendered":"https:\/\/embutidosrodriguez.es\/preparations\/cecinas\/"},"modified":"2021-03-01T17:35:02","modified_gmt":"2021-03-01T16:35:02","slug":"cecinas","status":"publish","type":"page","link":"https:\/\/embutidosrodriguez.es\/fr\/preparations\/cecinas\/","title":{"rendered":"Cecinas"},"content":{"rendered":"<section class=\"l-section wpb_row height_large with_img\"><div class=\"l-section-img\" style=\"background-image: url(https:\/\/embutidosrodriguez.es\/wp-content\/uploads\/2021\/03\/cecina.jpg);\" data-img-width=\"1920\" data-img-height=\"556\"><\/div><div class=\"l-section-h i-cf\"><div class=\"g-cols vc_row type_default valign_top\"><div class=\"vc_col-sm-12 wpb_column vc_column_container\"><div class=\"vc_column-inner\"><div class=\"wpb_wrapper\"><div class=\"w-separator type_invisible size_medium thick_1 style_solid color_border cont_none\"><span class=\"w-separator-h\"><\/span><\/div><\/div><\/div><\/div><\/div><\/div><\/section><section class=\"l-section wpb_row height_auto\"><div class=\"l-section-h i-cf\"><div class=\"g-cols vc_row type_default valign_top\"><div class=\"vc_col-sm-12 wpb_column vc_column_container\"><div class=\"vc_column-inner\"><div class=\"wpb_wrapper\"><div class=\"g-cols wpb_row type_default valign_top vc_inner \"><div class=\"vc_col-sm-12 wpb_column vc_column_container\"><div class=\"vc_column-inner\"><div class=\"wpb_wrapper\"><div class=\"w-separator type_invisible size_huge thick_1 style_solid color_border cont_none\"><span class=\"w-separator-h\"><\/span><\/div><\/div><\/div><\/div><\/div><div class=\"g-cols wpb_row type_default valign_top vc_inner \"><div class=\"vc_col-sm-6 wpb_column vc_column_container\"><div class=\"vc_column-inner\"><div class=\"wpb_wrapper\">\n\t<div class=\"wpb_text_column \">\n\t\t<div class=\"wpb_wrapper\">\n\t\t\t<h1><strong><span class=\"underline\">Cecinas<\/span><\/strong><\/h1>\n\n\t\t<\/div>\n\t<\/div>\n\n\t<div class=\"wpb_text_column \">\n\t\t<div class=\"wpb_wrapper\">\n\t\t\t<p>La cecina est un produit sain. Nous s\u00e9lectionnons les meilleurs morceaux de b\u0153uf pour obtenir un produit de qualit\u00e9 sup\u00e9rieure. La cecina est consid\u00e9r\u00e9e aujourd\u2019hui par les experts en nutrition comme l\u2019un des produits s\u00e9ch\u00e9s les plus authentiques et savoureux en raison de son arome, sa texture, son moelleux et ses valeurs nutritionnelles.<\/p>\n\n\t\t<\/div>\n\t<\/div>\n<\/div><\/div><\/div><div class=\"vc_col-sm-6 wpb_column vc_column_container\"><div class=\"vc_column-inner\"><div class=\"wpb_wrapper\"><\/div><\/div><\/div><\/div><div class=\"g-cols wpb_row type_default valign_top vc_inner \"><div class=\"vc_col-sm-12 wpb_column vc_column_container\"><div class=\"vc_column-inner\"><div class=\"wpb_wrapper\"><div class=\"w-separator type_invisible size_huge thick_1 style_solid color_border cont_none\"><span class=\"w-separator-h\"><\/span><\/div><\/div><\/div><\/div><\/div><div class=\"g-cols wpb_row type_default valign_top vc_inner \"><div class=\"vc_col-sm-3 wpb_column vc_column_container\"><div class=\"vc_column-inner\"><div class=\"wpb_wrapper\"><div class=\"w-image\"><div class=\"w-image-h\"><img width=\"540\" height=\"810\" src=\"https:\/\/embutidosrodriguez.es\/wp-content\/uploads\/2019\/07\/cecina-rectangular.png\" class=\"attachment-large size-large\" alt=\"cecinas rectangular\" srcset=\"https:\/\/embutidosrodriguez.es\/wp-content\/uploads\/2019\/07\/cecina-rectangular.png 540w, https:\/\/embutidosrodriguez.es\/wp-content\/uploads\/2019\/07\/cecina-rectangular-200x300.png 200w\" sizes=\"(max-width: 540px) 100vw, 540px\" \/><\/div><\/div>\n\t<div class=\"wpb_text_column \">\n\t\t<div class=\"wpb_wrapper\">\n\t\t\t<h6 style=\"text-align: center;\"><strong>CECINA TAPA<\/strong><\/h6>\n\n\t\t<\/div>\n\t<\/div>\n<div class=\"w-image\"><div class=\"w-image-h\"><a href=\"https:\/\/embutidosrodriguez.es\/wp-content\/uploads\/2018\/06\/49_FR.png\" ref=\"magnificPopup\"><img width=\"540\" height=\"527\" src=\"https:\/\/embutidosrodriguez.es\/wp-content\/uploads\/2018\/06\/49_FR.png\" class=\"attachment-full size-full\" alt=\"\" srcset=\"https:\/\/embutidosrodriguez.es\/wp-content\/uploads\/2018\/06\/49_FR.png 540w, https:\/\/embutidosrodriguez.es\/wp-content\/uploads\/2018\/06\/49_FR-300x293.png 300w\" sizes=\"(max-width: 540px) 100vw, 540px\" \/><\/a><\/div><\/div><div class=\"w-btn-wrapper align_center\"><a class=\"w-btn style_solid color_primary icon_none\" href=\"https:\/\/embutidosrodriguez.es\/fr\/service-aux-professionnels\/\" target=\"_blank\"><span class=\"w-btn-label\">Plus de renseignements<\/span><\/a><\/div><\/div><\/div><\/div><div class=\"vc_col-sm-3 wpb_column vc_column_container\"><div class=\"vc_column-inner\"><div class=\"wpb_wrapper\"><div class=\"w-image\"><div class=\"w-image-h\"><img width=\"540\" height=\"810\" src=\"https:\/\/embutidosrodriguez.es\/wp-content\/uploads\/2019\/07\/cecina-trozo-1.png\" class=\"attachment-large size-large\" alt=\"cecinas trozo\" srcset=\"https:\/\/embutidosrodriguez.es\/wp-content\/uploads\/2019\/07\/cecina-trozo-1.png 540w, https:\/\/embutidosrodriguez.es\/wp-content\/uploads\/2019\/07\/cecina-trozo-1-200x300.png 200w\" sizes=\"(max-width: 540px) 100vw, 540px\" \/><\/div><\/div>\n\t<div class=\"wpb_text_column \">\n\t\t<div class=\"wpb_wrapper\">\n\t\t\t<h6 style=\"text-align: center;\"><strong>CECINA MORCEAUX<\/strong><\/h6>\n\n\t\t<\/div>\n\t<\/div>\n<div class=\"w-image\"><div class=\"w-image-h\"><a href=\"https:\/\/embutidosrodriguez.es\/wp-content\/uploads\/2018\/06\/108_FR.png\" ref=\"magnificPopup\"><img width=\"540\" height=\"527\" src=\"https:\/\/embutidosrodriguez.es\/wp-content\/uploads\/2018\/06\/108_FR.png\" class=\"attachment-full size-full\" alt=\"\" srcset=\"https:\/\/embutidosrodriguez.es\/wp-content\/uploads\/2018\/06\/108_FR.png 540w, https:\/\/embutidosrodriguez.es\/wp-content\/uploads\/2018\/06\/108_FR-300x293.png 300w\" sizes=\"(max-width: 540px) 100vw, 540px\" \/><\/a><\/div><\/div><div class=\"w-btn-wrapper align_center\"><a class=\"w-btn style_solid color_primary icon_none\" href=\"https:\/\/embutidosrodriguez.es\/fr\/service-aux-professionnels\/\" target=\"_blank\"><span class=\"w-btn-label\">Plus de renseignements<\/span><\/a><\/div><\/div><\/div><\/div><div class=\"vc_col-sm-3 wpb_column vc_column_container\"><div class=\"vc_column-inner\"><div class=\"wpb_wrapper\"><\/div><\/div><\/div><div class=\"vc_col-sm-3 wpb_column vc_column_container\"><div class=\"vc_column-inner\"><div class=\"wpb_wrapper\"><\/div><\/div><\/div><\/div><div class=\"g-cols wpb_row type_default valign_top vc_inner \"><div class=\"vc_col-sm-12 wpb_column vc_column_container\"><div class=\"vc_column-inner\"><div class=\"wpb_wrapper\">[vc_empty_space height=&#8221;125px&#8221;]<\/div><\/div><\/div><\/div><\/div><\/div><\/div><\/div><\/div><\/section><!-- Row Backgrounds --><div class=\"upb_bg_img\" data-ultimate-bg=\"url(https:\/\/embutidosrodriguez.es\/wp-content\/uploads\/2018\/04\/fondo-blanco3.jpg)\" data-image-id=\"id^961|url^https:\/\/embutidosrodriguez.es\/wp-content\/uploads\/2018\/04\/fondo-blanco3.jpg|caption^null|alt^null|title^fondo blanco3|description^null\" data-ultimate-bg-style=\"vcpb-default\" data-bg-img-repeat=\"no-repeat\" data-bg-img-size=\"cover\" data-bg-img-position=\"\" data-parallx_sense=\"30\" data-bg-override=\"0\" data-bg_img_attach=\"fixed\" data-upb-overlay-color=\"\" data-upb-bg-animation=\"\" data-fadeout=\"\" data-bg-animation=\"left-animation\" data-bg-animation-type=\"h\" data-animation-repeat=\"repeat\" data-fadeout-percentage=\"30\" data-parallax-content=\"\" data-parallax-content-sense=\"30\" data-row-effect-mobile-disable=\"true\" data-img-parallax-mobile-disable=\"true\" data-rtl=\"false\"  data-custom-vc-row=\"\"  data-vc=\"5.5.4\"  data-is_old_vc=\"\"  data-theme-support=\"\"   data-overlay=\"false\" data-overlay-color=\"\" data-overlay-pattern=\"\" data-overlay-pattern-opacity=\"\" data-overlay-pattern-size=\"\"    ><\/div>\n","protected":false},"excerpt":{"rendered":"Cecinas La cecina est un produit sain. Nous s\u00e9lectionnons les meilleurs morceaux de b\u0153uf pour obtenir un produit de qualit\u00e9...","protected":false},"author":7,"featured_media":0,"parent":2511,"menu_order":113,"comment_status":"closed","ping_status":"closed","template":"","meta":[],"yoast_head":"<!-- This site is optimized with the Yoast SEO plugin v16.5 - https:\/\/yoast.com\/wordpress\/plugins\/seo\/ -->\n<title>Cecinas | Embutidos Rodriguez<\/title>\n<meta name=\"robots\" content=\"index, follow, max-snippet:-1, max-image-preview:large, max-video-preview:-1\" \/>\n<link rel=\"canonical\" href=\"https:\/\/embutidosrodriguez.es\/fr\/preparations\/cecinas\/\" \/>\n<meta property=\"og:locale\" content=\"fr_FR\" \/>\n<meta property=\"og:type\" content=\"article\" \/>\n<meta property=\"og:title\" content=\"Cecinas | Embutidos Rodriguez\" \/>\n<meta property=\"og:url\" content=\"https:\/\/embutidosrodriguez.es\/fr\/preparations\/cecinas\/\" \/>\n<meta property=\"og:site_name\" content=\"Embutidos Rodriguez\" \/>\n<meta property=\"article:publisher\" content=\"https:\/\/www.facebook.com\/embutidosrodriguez\" \/>\n<meta property=\"article:modified_time\" content=\"2021-03-01T16:35:02+00:00\" \/>\n<meta name=\"twitter:card\" content=\"summary_large_image\" \/>\n<meta name=\"twitter:site\" content=\"@EmbutidosRdguez\" \/>\n<meta name=\"twitter:label1\" content=\"Dur\u00e9e de lecture est.\" \/>\n\t<meta name=\"twitter:data1\" content=\"1 minute\" \/>\n<script type=\"application\/ld+json\" class=\"yoast-schema-graph\">{\"@context\":\"https:\/\/schema.org\",\"@graph\":[{\"@type\":\"Organization\",\"@id\":\"https:\/\/embutidosrodriguez.es\/#organization\",\"name\":\"Embutidos Rodr\\u00edguez\",\"url\":\"https:\/\/embutidosrodriguez.es\/\",\"sameAs\":[\"https:\/\/www.facebook.com\/embutidosrodriguez\",\"https:\/\/www.instagram.com\/embutidosrodriguez\/\",\"https:\/\/www.linkedin.com\/company\/embutidos-rodriguez\/\",\"https:\/\/www.youtube.com\/channel\/UCzvsn6hj9Ct510GHi7aZTaQ\",\"https:\/\/twitter.com\/EmbutidosRdguez\"],\"logo\":{\"@type\":\"ImageObject\",\"@id\":\"https:\/\/embutidosrodriguez.es\/#logo\",\"inLanguage\":\"fr-FR\",\"url\":\"https:\/\/embutidosrodriguez.es\/wp-content\/uploads\/2019\/05\/Logo-Embutidos-Rodriguez.png\",\"contentUrl\":\"https:\/\/embutidosrodriguez.es\/wp-content\/uploads\/2019\/05\/Logo-Embutidos-Rodriguez.png\",\"width\":2000,\"height\":722,\"caption\":\"Embutidos Rodr\\u00edguez\"},\"image\":{\"@id\":\"https:\/\/embutidosrodriguez.es\/#logo\"}},{\"@type\":\"WebSite\",\"@id\":\"https:\/\/embutidosrodriguez.es\/#website\",\"url\":\"https:\/\/embutidosrodriguez.es\/\",\"name\":\"Embutidos Rodriguez\",\"description\":\"F\\u00e1brica de Embutidos en Le\\u00f3n\",\"publisher\":{\"@id\":\"https:\/\/embutidosrodriguez.es\/#organization\"},\"potentialAction\":[{\"@type\":\"SearchAction\",\"target\":\"https:\/\/embutidosrodriguez.es\/?s={search_term_string}\",\"query-input\":\"required name=search_term_string\"}],\"inLanguage\":\"fr-FR\"},{\"@type\":\"WebPage\",\"@id\":\"https:\/\/embutidosrodriguez.es\/fr\/preparations\/cecinas\/#webpage\",\"url\":\"https:\/\/embutidosrodriguez.es\/fr\/preparations\/cecinas\/\",\"name\":\"Cecinas | Embutidos Rodriguez\",\"isPartOf\":{\"@id\":\"https:\/\/embutidosrodriguez.es\/#website\"},\"datePublished\":\"2018-02-26T09:39:08+00:00\",\"dateModified\":\"2021-03-01T16:35:02+00:00\",\"breadcrumb\":{\"@id\":\"https:\/\/embutidosrodriguez.es\/fr\/preparations\/cecinas\/#breadcrumb\"},\"inLanguage\":\"fr-FR\",\"potentialAction\":[{\"@type\":\"ReadAction\",\"target\":[\"https:\/\/embutidosrodriguez.es\/fr\/preparations\/cecinas\/\"]}]},{\"@type\":\"BreadcrumbList\",\"@id\":\"https:\/\/embutidosrodriguez.es\/fr\/preparations\/cecinas\/#breadcrumb\",\"itemListElement\":[{\"@type\":\"ListItem\",\"position\":1,\"name\":\"Portada\",\"item\":\"https:\/\/embutidosrodriguez.es\/fr\/\"},{\"@type\":\"ListItem\",\"position\":2,\"name\":\"Pr\\u00e9parations\",\"item\":\"https:\/\/embutidosrodriguez.es\/fr\/preparations\/\"},{\"@type\":\"ListItem\",\"position\":3,\"name\":\"Cecinas\"}]}]}<\/script>\n<!-- \/ Yoast SEO plugin. -->","_links":{"self":[{"href":"https:\/\/embutidosrodriguez.es\/fr\/wp-json\/wp\/v2\/pages\/2543"}],"collection":[{"href":"https:\/\/embutidosrodriguez.es\/fr\/wp-json\/wp\/v2\/pages"}],"about":[{"href":"https:\/\/embutidosrodriguez.es\/fr\/wp-json\/wp\/v2\/types\/page"}],"author":[{"embeddable":true,"href":"https:\/\/embutidosrodriguez.es\/fr\/wp-json\/wp\/v2\/users\/7"}],"replies":[{"embeddable":true,"href":"https:\/\/embutidosrodriguez.es\/fr\/wp-json\/wp\/v2\/comments?post=2543"}],"version-history":[{"count":7,"href":"https:\/\/embutidosrodriguez.es\/fr\/wp-json\/wp\/v2\/pages\/2543\/revisions"}],"predecessor-version":[{"id":8115,"href":"https:\/\/embutidosrodriguez.es\/fr\/wp-json\/wp\/v2\/pages\/2543\/revisions\/8115"}],"up":[{"embeddable":true,"href":"https:\/\/embutidosrodriguez.es\/fr\/wp-json\/wp\/v2\/pages\/2511"}],"wp:attachment":[{"href":"https:\/\/embutidosrodriguez.es\/fr\/wp-json\/wp\/v2\/media?parent=2543"}],"curies":[{"name":"wp","href":"https:\/\/api.w.org\/{rel}","templated":true}]}}